{"id":13453,"date":"2024-12-04T13:36:05","date_gmt":"2024-12-04T12:36:05","guid":{"rendered":"https:\/\/www.geh8.de\/?page_id=13453"},"modified":"2024-12-09T21:01:59","modified_gmt":"2024-12-09T20:01:59","slug":"ateliervergabe","status":"publish","type":"page","link":"https:\/\/www.geh8.de\/en\/ateliervergabe\/","title":{"rendered":"studio allocation"},"content":{"rendered":"<p>Die GEH8 bietet mit rund 300qm Hallenfl\u00e4che und einem circa 50qm gro\u00dfen Workshopraum gen\u00fcgend Platz f\u00fcr Eure Veranstaltungen, Tagungen, Events und Meetings. Gerne k\u00f6nnen diese gemietet werden. F\u00fcllt daf\u00fcr einfach das <strong>Formular &#8220;Mietanfrage stellen&#8221;<\/strong> unter diesem Text aus.<\/p>\n<div class=\"shariff shariff-align-center shariff-widget-align-center\"><ul class=\"shariff-buttons theme-default orientation-horizontal buttonsize-medium\"><li class=\"shariff-button whatsapp shariff-nocustomcolor\" style=\"background-color:#5cbe4a\"><a href=\"https:\/\/api.whatsapp.com\/send?text=https%3A%2F%2Fwww.geh8.de%2Fen%2Fateliervergabe%2F%20studio%20allocation\" title=\"Bei Whatsapp teilen\" aria-label=\"Bei Whatsapp teilen\" role=\"button\" rel=\"noopener nofollow\" class=\"shariff-link\" style=\"; background-color:#34af23; color:#fff\" target=\"_blank\"><span class=\"shariff-icon\" style=\"\"><svg width=\"32px\" height=\"20px\" xmlns=\"http:\/\/www.w3.org\/2000\/svg\" viewBox=\"0 0 32 32\"><path fill=\"#34af23\" d=\"M17.6 17.4q0.2 0 1.7 0.8t1.6 0.9q0 0.1 0 0.3 0 0.6-0.3 1.4-0.3 0.7-1.3 1.2t-1.8 0.5q-1 0-3.4-1.1-1.7-0.8-3-2.1t-2.6-3.3q-1.3-1.9-1.3-3.5v-0.1q0.1-1.6 1.3-2.8 0.4-0.4 0.9-0.4 0.1 0 0.3 0t0.3 0q0.3 0 0.5 0.1t0.3 0.5q0.1 0.4 0.6 1.6t0.4 1.3q0 0.4-0.6 1t-0.6 0.8q0 0.1 0.1 0.3 0.6 1.3 1.8 2.4 1 0.9 2.7 1.8 0.2 0.1 0.4 0.1 0.3 0 1-0.9t0.9-0.9zM14 26.9q2.3 0 4.3-0.9t3.6-2.4 2.4-3.6 0.9-4.3-0.9-4.3-2.4-3.6-3.6-2.4-4.3-0.9-4.3 0.9-3.6 2.4-2.4 3.6-0.9 4.3q0 3.6 2.1 6.6l-1.4 4.2 4.3-1.4q2.8 1.9 6.2 1.9zM14 2.2q2.7 0 5.2 1.1t4.3 2.9 2.9 4.3 1.1 5.2-1.1 5.2-2.9 4.3-4.3 2.9-5.2 1.1q-3.5 0-6.5-1.7l-7.4 2.4 2.4-7.2q-1.9-3.2-1.9-6.9 0-2.7 1.1-5.2t2.9-4.3 4.3-2.9 5.2-1.1z\"\/><\/svg><\/span><span class=\"shariff-text\">teilen<\/span>&nbsp;<\/a><\/li><li class=\"shariff-button telegram shariff-nocustomcolor\" style=\"background-color:#4084A6\"><a href=\"https:\/\/telegram.me\/share\/url?url=https%3A%2F%2Fwww.geh8.de%2Fen%2Fateliervergabe%2F&text=studio%20allocation\" title=\"Bei Telegram teilen\" aria-label=\"Bei Telegram teilen\" role=\"button\" rel=\"noopener nofollow\" class=\"shariff-link\" style=\"; background-color:#0088cc; color:#fff\" target=\"_blank\"><span class=\"shariff-icon\" style=\"\"><svg width=\"32px\" height=\"20px\" xmlns=\"http:\/\/www.w3.org\/2000\/svg\" viewBox=\"0 0 32 32\"><path fill=\"#0088cc\" d=\"M30.8 6.5l-4.5 21.4c-.3 1.5-1.2 1.9-2.5 1.2L16.9 24l-3.3 3.2c-.4.4-.7.7-1.4.7l.5-7L25.5 9.2c.6-.5-.1-.8-.9-.3l-15.8 10L2 16.7c-1.5-.5-1.5-1.5.3-2.2L28.9 4.3c1.3-.5 2.3.3 1.9 2.2z\"\/><\/svg><\/span><span class=\"shariff-text\">teilen<\/span>&nbsp;<\/a><\/li><li class=\"shariff-button facebook shariff-nocustomcolor\" style=\"background-color:#4273c8\"><a href=\"https:\/\/www.facebook.com\/sharer\/sharer.php?u=https%3A%2F%2Fwww.geh8.de%2Fen%2Fateliervergabe%2F\" title=\"Bei Facebook teilen\" aria-label=\"Bei Facebook teilen\" role=\"button\" rel=\"nofollow\" class=\"shariff-link\" style=\"; background-color:#3b5998; color:#fff\" target=\"_blank\"><span class=\"shariff-icon\" style=\"\"><svg width=\"32px\" height=\"20px\" xmlns=\"http:\/\/www.w3.org\/2000\/svg\" viewBox=\"0 0 18 32\"><path fill=\"#3b5998\" d=\"M17.1 0.2v4.7h-2.8q-1.5 0-2.1 0.6t-0.5 1.9v3.4h5.2l-0.7 5.3h-4.5v13.6h-5.5v-13.6h-4.5v-5.3h4.5v-3.9q0-3.3 1.9-5.2t5-1.8q2.6 0 4.1 0.2z\"\/><\/svg><\/span><span class=\"shariff-text\">teilen<\/span>&nbsp;<\/a><\/li><li class=\"shariff-button mailto shariff-nocustomcolor\" style=\"background-color:#a8a8a8\"><a href=\"mailto:?body=https%3A%2F%2Fwww.geh8.de%2Fen%2Fateliervergabe%2F&subject=studio%20allocation\" title=\"Per E-Mail versenden\" aria-label=\"Per E-Mail versenden\" role=\"button\" rel=\"noopener nofollow\" class=\"shariff-link\" style=\"; background-color:#999; color:#fff\"><span class=\"shariff-icon\" style=\"\"><svg width=\"32px\" height=\"20px\" xmlns=\"http:\/\/www.w3.org\/2000\/svg\" viewBox=\"0 0 32 32\"><path fill=\"#999\" d=\"M32 12.7v14.2q0 1.2-0.8 2t-2 0.9h-26.3q-1.2 0-2-0.9t-0.8-2v-14.2q0.8 0.9 1.8 1.6 6.5 4.4 8.9 6.1 1 0.8 1.6 1.2t1.7 0.9 2 0.4h0.1q0.9 0 2-0.4t1.7-0.9 1.6-1.2q3-2.2 8.9-6.1 1-0.7 1.8-1.6zM32 7.4q0 1.4-0.9 2.7t-2.2 2.2q-6.7 4.7-8.4 5.8-0.2 0.1-0.7 0.5t-1 0.7-0.9 0.6-1.1 0.5-0.9 0.2h-0.1q-0.4 0-0.9-0.2t-1.1-0.5-0.9-0.6-1-0.7-0.7-0.5q-1.6-1.1-4.7-3.2t-3.6-2.6q-1.1-0.7-2.1-2t-1-2.5q0-1.4 0.7-2.3t2.1-0.9h26.3q1.2 0 2 0.8t0.9 2z\"\/><\/svg><\/span><span class=\"shariff-text\">E-Mail<\/span>&nbsp;<\/a><\/li><\/ul><\/div>","protected":false},"excerpt":{"rendered":"<p>Die GEH8 bietet mit rund 300qm Hallenfl\u00e4che und einem circa 50qm gro\u00dfen Workshopraum gen\u00fcgend Platz [&hellip;]<\/p>\n","protected":false},"author":17,"featured_media":13487,"parent":0,"menu_order":0,"comment_status":"closed","ping_status":"closed","template":"page_templates\/ateliervergabe.php","meta":{"_acf_changed":false,"ngg_post_thumbnail":0,"footnotes":""},"acf":[],"yoast_head":"<!-- This site is optimized with the Yoast SEO plugin v23.0 - https:\/\/yoast.com\/wordpress\/plugins\/seo\/ -->\n<title>studio allocation - GEH8 Kunst Raum Ateliers gUG | Dresden<\/title>\n<meta name=\"robots\" content=\"index, follow, max-snippet:-1, max-image-preview:large, max-video-preview:-1\" \/>\n<link rel=\"canonical\" href=\"https:\/\/www.geh8.de\/en\/ateliervergabe\/\" \/>\n<meta property=\"og:locale\" content=\"en_GB\" \/>\n<meta property=\"og:locale:alternate\" content=\"de_DE\" \/>\n<meta property=\"og:type\" content=\"article\" \/>\n<meta property=\"og:title\" content=\"studio allocation\" \/>\n<meta property=\"og:description\" content=\"Die GEH8 bietet mit rund 300qm Hallenfl\u00e4che und einem circa 50qm gro\u00dfen Workshopraum gen\u00fcgend Platz [&hellip;]\" \/>\n<meta property=\"og:url\" content=\"https:\/\/www.geh8.de\/en\/ateliervergabe\/\" \/>\n<meta property=\"og:site_name\" content=\"GEH8 Kunst Raum Ateliers gUG | Dresden\" \/>\n<meta property=\"article:publisher\" content=\"https:\/\/www.facebook.com\/Geh8Kunstraum\/\" \/>\n<meta property=\"article:modified_time\" content=\"2024-12-09T20:01:59+00:00\" \/>\n<meta property=\"og:image\" content=\"https:\/\/www.geh8.de\/page\/wp-content\/uploads\/2024\/12\/Ateliers-GEH8-4-klein.jpg\" \/>\n\t<meta property=\"og:image:width\" content=\"1200\" \/>\n\t<meta property=\"og:image:height\" content=\"800\" \/>\n\t<meta property=\"og:image:type\" content=\"image\/jpeg\" \/>\n<meta name=\"twitter:card\" content=\"summary_large_image\" \/>\n<meta name=\"twitter:label1\" content=\"Estimated reading time\" \/>\n\t<meta name=\"twitter:data1\" content=\"1 minute\" \/>\n<script type=\"application\/ld+json\" class=\"yoast-schema-graph\">{\"@context\":\"https:\/\/schema.org\",\"@graph\":[{\"@type\":\"WebPage\",\"@id\":\"https:\/\/www.geh8.de\/en\/ateliervergabe\/\",\"url\":\"https:\/\/www.geh8.de\/en\/ateliervergabe\/\",\"name\":\"studio allocation\",\"isPartOf\":{\"@id\":\"https:\/\/www.geh8.de\/#website\"},\"primaryImageOfPage\":{\"@id\":\"https:\/\/www.geh8.de\/en\/ateliervergabe\/#primaryimage\"},\"image\":{\"@id\":\"https:\/\/www.geh8.de\/en\/ateliervergabe\/#primaryimage\"},\"thumbnailUrl\":\"https:\/\/www.geh8.de\/page\/wp-content\/uploads\/2024\/12\/Ateliers-GEH8-4-klein.jpg\",\"datePublished\":\"2024-12-04T12:36:05+00:00\",\"dateModified\":\"2024-12-09T20:01:59+00:00\",\"breadcrumb\":{\"@id\":\"https:\/\/www.geh8.de\/en\/ateliervergabe\/#breadcrumb\"},\"inLanguage\":\"en-GB\",\"potentialAction\":[{\"@type\":\"ReadAction\",\"target\":[\"https:\/\/www.geh8.de\/en\/ateliervergabe\/\"]}]},{\"@type\":\"ImageObject\",\"inLanguage\":\"en-GB\",\"@id\":\"https:\/\/www.geh8.de\/en\/ateliervergabe\/#primaryimage\",\"url\":\"https:\/\/www.geh8.de\/page\/wp-content\/uploads\/2024\/12\/Ateliers-GEH8-4-klein.jpg\",\"contentUrl\":\"https:\/\/www.geh8.de\/page\/wp-content\/uploads\/2024\/12\/Ateliers-GEH8-4-klein.jpg\",\"width\":1200,\"height\":800},{\"@type\":\"BreadcrumbList\",\"@id\":\"https:\/\/www.geh8.de\/en\/ateliervergabe\/#breadcrumb\",\"itemListElement\":[{\"@type\":\"ListItem\",\"position\":1,\"name\":\"Startseite\",\"item\":\"https:\/\/www.geh8.de\/\"},{\"@type\":\"ListItem\",\"position\":2,\"name\":\"studio allocation\"}]},{\"@type\":\"WebSite\",\"@id\":\"https:\/\/www.geh8.de\/#website\",\"url\":\"https:\/\/www.geh8.de\/\",\"name\":\"GEH8 Kunst Raum Ateliers gUG | Dresden\",\"description\":\"Geh8 is a non-profit association in Dresden to foster contemporary art\",\"publisher\":{\"@id\":\"https:\/\/www.geh8.de\/#organization\"},\"potentialAction\":[{\"@type\":\"SearchAction\",\"target\":{\"@type\":\"EntryPoint\",\"urlTemplate\":\"https:\/\/www.geh8.de\/?s={search_term_string}\"},\"query-input\":\"required name=search_term_string\"}],\"inLanguage\":\"en-GB\"},{\"@type\":\"Organization\",\"@id\":\"https:\/\/www.geh8.de\/#organization\",\"name\":\"geh8\",\"url\":\"https:\/\/www.geh8.de\/\",\"logo\":{\"@type\":\"ImageObject\",\"inLanguage\":\"en-GB\",\"@id\":\"https:\/\/www.geh8.de\/#\/schema\/logo\/image\/\",\"url\":\"https:\/\/www.geh8.de\/page\/wp-content\/uploads\/2018\/06\/Logo_GEH8_neu_Icon_sbg.png\",\"contentUrl\":\"https:\/\/www.geh8.de\/page\/wp-content\/uploads\/2018\/06\/Logo_GEH8_neu_Icon_sbg.png\",\"width\":164,\"height\":145,\"caption\":\"geh8\"},\"image\":{\"@id\":\"https:\/\/www.geh8.de\/#\/schema\/logo\/image\/\"},\"sameAs\":[\"https:\/\/www.facebook.com\/Geh8Kunstraum\/\",\"https:\/\/www.instagram.com\/geh8kunstraum\/\"]}]}<\/script>\n<!-- \/ Yoast SEO plugin. -->","yoast_head_json":{"title":"studio allocation - GEH8 Kunst Raum Ateliers gUG | Dresden","robots":{"index":"index","follow":"follow","max-snippet":"max-snippet:-1","max-image-preview":"max-image-preview:large","max-video-preview":"max-video-preview:-1"},"canonical":"https:\/\/www.geh8.de\/en\/ateliervergabe\/","og_locale":"en_GB","og_type":"article","og_title":"[:en]studio allocation[:de]Ateliervergabe[:] - GEH8 Kunst Raum Ateliers gUG | Dresden","og_description":"Die GEH8 bietet mit rund 300qm Hallenfl\u00e4che und einem circa 50qm gro\u00dfen Workshopraum gen\u00fcgend Platz [&hellip;]","og_url":"https:\/\/www.geh8.de\/en\/ateliervergabe\/","og_site_name":"GEH8 Kunst Raum Ateliers gUG | Dresden","article_publisher":"https:\/\/www.facebook.com\/Geh8Kunstraum\/","article_modified_time":"2024-12-09T20:01:59+00:00","og_image":[{"width":1200,"height":800,"url":"https:\/\/www.geh8.de\/page\/wp-content\/uploads\/2024\/12\/Ateliers-GEH8-4-klein.jpg","type":"image\/jpeg"}],"twitter_card":"summary_large_image","twitter_misc":{"Estimated reading time":"1 minute"},"schema":{"@context":"https:\/\/schema.org","@graph":[{"@type":"WebPage","@id":"https:\/\/www.geh8.de\/en\/ateliervergabe\/","url":"https:\/\/www.geh8.de\/en\/ateliervergabe\/","name":"studio allocation","isPartOf":{"@id":"https:\/\/www.geh8.de\/#website"},"primaryImageOfPage":{"@id":"https:\/\/www.geh8.de\/en\/ateliervergabe\/#primaryimage"},"image":{"@id":"https:\/\/www.geh8.de\/en\/ateliervergabe\/#primaryimage"},"thumbnailUrl":"https:\/\/www.geh8.de\/page\/wp-content\/uploads\/2024\/12\/Ateliers-GEH8-4-klein.jpg","datePublished":"2024-12-04T12:36:05+00:00","dateModified":"2024-12-09T20:01:59+00:00","breadcrumb":{"@id":"https:\/\/www.geh8.de\/en\/ateliervergabe\/#breadcrumb"},"inLanguage":"en-GB","potentialAction":[{"@type":"ReadAction","target":["https:\/\/www.geh8.de\/en\/ateliervergabe\/"]}]},{"@type":"ImageObject","inLanguage":"en-GB","@id":"https:\/\/www.geh8.de\/en\/ateliervergabe\/#primaryimage","url":"https:\/\/www.geh8.de\/page\/wp-content\/uploads\/2024\/12\/Ateliers-GEH8-4-klein.jpg","contentUrl":"https:\/\/www.geh8.de\/page\/wp-content\/uploads\/2024\/12\/Ateliers-GEH8-4-klein.jpg","width":1200,"height":800},{"@type":"BreadcrumbList","@id":"https:\/\/www.geh8.de\/en\/ateliervergabe\/#breadcrumb","itemListElement":[{"@type":"ListItem","position":1,"name":"Startseite","item":"https:\/\/www.geh8.de\/"},{"@type":"ListItem","position":2,"name":"studio allocation"}]},{"@type":"WebSite","@id":"https:\/\/www.geh8.de\/#website","url":"https:\/\/www.geh8.de\/","name":"GEH8 Kunst Raum Ateliers gUG | Dresden","description":"Geh8 is a non-profit association in Dresden to foster contemporary art","publisher":{"@id":"https:\/\/www.geh8.de\/#organization"},"potentialAction":[{"@type":"SearchAction","target":{"@type":"EntryPoint","urlTemplate":"https:\/\/www.geh8.de\/?s={search_term_string}"},"query-input":"required name=search_term_string"}],"inLanguage":"en-GB"},{"@type":"Organization","@id":"https:\/\/www.geh8.de\/#organization","name":"geh8","url":"https:\/\/www.geh8.de\/","logo":{"@type":"ImageObject","inLanguage":"en-GB","@id":"https:\/\/www.geh8.de\/#\/schema\/logo\/image\/","url":"https:\/\/www.geh8.de\/page\/wp-content\/uploads\/2018\/06\/Logo_GEH8_neu_Icon_sbg.png","contentUrl":"https:\/\/www.geh8.de\/page\/wp-content\/uploads\/2018\/06\/Logo_GEH8_neu_Icon_sbg.png","width":164,"height":145,"caption":"geh8"},"image":{"@id":"https:\/\/www.geh8.de\/#\/schema\/logo\/image\/"},"sameAs":["https:\/\/www.facebook.com\/Geh8Kunstraum\/","https:\/\/www.instagram.com\/geh8kunstraum\/"]}]}},"_links":{"self":[{"href":"https:\/\/www.geh8.de\/en\/wp-json\/wp\/v2\/pages\/13453"}],"collection":[{"href":"https:\/\/www.geh8.de\/en\/wp-json\/wp\/v2\/pages"}],"about":[{"href":"https:\/\/www.geh8.de\/en\/wp-json\/wp\/v2\/types\/page"}],"author":[{"embeddable":true,"href":"https:\/\/www.geh8.de\/en\/wp-json\/wp\/v2\/users\/17"}],"replies":[{"embeddable":true,"href":"https:\/\/www.geh8.de\/en\/wp-json\/wp\/v2\/comments?post=13453"}],"version-history":[{"count":43,"href":"https:\/\/www.geh8.de\/en\/wp-json\/wp\/v2\/pages\/13453\/revisions"}],"predecessor-version":[{"id":13581,"href":"https:\/\/www.geh8.de\/en\/wp-json\/wp\/v2\/pages\/13453\/revisions\/13581"}],"wp:featuredmedia":[{"embeddable":true,"href":"https:\/\/www.geh8.de\/en\/wp-json\/wp\/v2\/media\/13487"}],"wp:attachment":[{"href":"https:\/\/www.geh8.de\/en\/wp-json\/wp\/v2\/media?parent=13453"}],"curies":[{"name":"wp","href":"https:\/\/api.w.org\/{rel}","templated":true}]}}