{"id":10593,"date":"2022-05-17T23:46:52","date_gmt":"2022-05-17T21:46:52","guid":{"rendered":"https:\/\/www.geh8.de\/?page_id=10593"},"modified":"2026-02-03T16:51:48","modified_gmt":"2026-02-03T15:51:48","slug":"sommergarten","status":"publish","type":"page","link":"https:\/\/www.geh8.de\/en\/sommergarten\/","title":{"rendered":"Summergarden &#038; Studio Caf\u00e9"},"content":{"rendered":"<p>In our summer garden and studio caf\u00e9 there is a dish and drink for every taste! From cake to pizza, from coffee to wine &#8230; sweet and savory dishes are available and make a visit to the GEH8 particularly tasty. Also the vegetarian\/vegan heart does not go empty. From Thursday to Sunday you can sit together comfortably, be it in the sunshine in the courtyard of GEH8 or in the premises of the new Atelier Caf\u00e9 with bar area.<\/p>\n<p>Come by and enjoy your time at GEH8! Be it with a nightcap after work or to ring in the weekend.<\/p>\n<p><strong>Paying by card is possible!<\/strong><\/p>\n<p>A few insights in our Summergarden:<\/p>\nngg_shortcode_0_placeholder\n<h6><em>Fotos: pidelta.de<\/em><\/h6>\n<p>&#8230; and the Atelier-Caf\u00e9:<\/p>\n<p><img loading=\"lazy\" decoding=\"async\" class=\"alignnone wp-image-12197\" src=\"https:\/\/www.geh8.de\/page\/wp-content\/uploads\/2023\/11\/P1033830-scaled.jpg\" alt=\"\" width=\"489\" height=\"367\" srcset=\"https:\/\/www.geh8.de\/page\/wp-content\/uploads\/2023\/11\/P1033830-scaled.jpg 2560w, https:\/\/www.geh8.de\/page\/wp-content\/uploads\/2023\/11\/P1033830-100x75.jpg 100w, https:\/\/www.geh8.de\/page\/wp-content\/uploads\/2023\/11\/P1033830-1024x768.jpg 1024w, https:\/\/www.geh8.de\/page\/wp-content\/uploads\/2023\/11\/P1033830-80x60.jpg 80w, https:\/\/www.geh8.de\/page\/wp-content\/uploads\/2023\/11\/P1033830-768x576.jpg 768w, https:\/\/www.geh8.de\/page\/wp-content\/uploads\/2023\/11\/P1033830-1536x1152.jpg 1536w, https:\/\/www.geh8.de\/page\/wp-content\/uploads\/2023\/11\/P1033830-2048x1536.jpg 2048w, https:\/\/www.geh8.de\/page\/wp-content\/uploads\/2023\/11\/P1033830-448x336.jpg 448w, https:\/\/www.geh8.de\/page\/wp-content\/uploads\/2023\/11\/P1033830-368x276.jpg 368w, https:\/\/www.geh8.de\/page\/wp-content\/uploads\/2023\/11\/P1033830-288x216.jpg 288w, https:\/\/www.geh8.de\/page\/wp-content\/uploads\/2023\/11\/P1033830-90x67.jpg 90w\" sizes=\"(max-width: 489px) 100vw, 489px\" \/><\/p>\n<p><img loading=\"lazy\" decoding=\"async\" class=\"alignnone wp-image-12760\" src=\"https:\/\/www.geh8.de\/page\/wp-content\/uploads\/2024\/06\/IMG-20240531-WA0006.jpg\" alt=\"\" width=\"486\" height=\"324\" srcset=\"https:\/\/www.geh8.de\/page\/wp-content\/uploads\/2024\/06\/IMG-20240531-WA0006.jpg 1600w, https:\/\/www.geh8.de\/page\/wp-content\/uploads\/2024\/06\/IMG-20240531-WA0006-100x67.jpg 100w, https:\/\/www.geh8.de\/page\/wp-content\/uploads\/2024\/06\/IMG-20240531-WA0006-1024x682.jpg 1024w, https:\/\/www.geh8.de\/page\/wp-content\/uploads\/2024\/06\/IMG-20240531-WA0006-80x53.jpg 80w, https:\/\/www.geh8.de\/page\/wp-content\/uploads\/2024\/06\/IMG-20240531-WA0006-768x512.jpg 768w, https:\/\/www.geh8.de\/page\/wp-content\/uploads\/2024\/06\/IMG-20240531-WA0006-1536x1023.jpg 1536w, https:\/\/www.geh8.de\/page\/wp-content\/uploads\/2024\/06\/IMG-20240531-WA0006-1280x853.jpg 1280w\" sizes=\"(max-width: 486px) 100vw, 486px\" \/><\/p>\n<p>&nbsp;<\/p>\n<p><a href=\"https:\/\/www.facebook.com\/profile.php?id=100034507196396\"><span>Here you can visit the Facebooksite!<\/span><\/a><\/p>\n<p><a href=\"https:\/\/www.instagram.com\/geh8ateliercafe\/\"><span>And here you can visit the Instagram-Channel!<\/span><\/a><\/p>\n<div class=\"shariff shariff-align-center shariff-widget-align-center\"><ul class=\"shariff-buttons theme-default orientation-horizontal buttonsize-medium\"><li class=\"shariff-button whatsapp shariff-nocustomcolor\" style=\"background-color:#5cbe4a\"><a href=\"https:\/\/api.whatsapp.com\/send?text=https%3A%2F%2Fwww.geh8.de%2Fen%2Fsommergarten%2F%20Summergarden%20%26%20Studio%20Caf%C3%A9\" title=\"Bei Whatsapp teilen\" aria-label=\"Bei Whatsapp teilen\" role=\"button\" rel=\"noopener nofollow\" class=\"shariff-link\" style=\"; background-color:#34af23; color:#fff\" target=\"_blank\"><span class=\"shariff-icon\" style=\"\"><svg width=\"32px\" height=\"20px\" xmlns=\"http:\/\/www.w3.org\/2000\/svg\" viewBox=\"0 0 32 32\"><path fill=\"#34af23\" d=\"M17.6 17.4q0.2 0 1.7 0.8t1.6 0.9q0 0.1 0 0.3 0 0.6-0.3 1.4-0.3 0.7-1.3 1.2t-1.8 0.5q-1 0-3.4-1.1-1.7-0.8-3-2.1t-2.6-3.3q-1.3-1.9-1.3-3.5v-0.1q0.1-1.6 1.3-2.8 0.4-0.4 0.9-0.4 0.1 0 0.3 0t0.3 0q0.3 0 0.5 0.1t0.3 0.5q0.1 0.4 0.6 1.6t0.4 1.3q0 0.4-0.6 1t-0.6 0.8q0 0.1 0.1 0.3 0.6 1.3 1.8 2.4 1 0.9 2.7 1.8 0.2 0.1 0.4 0.1 0.3 0 1-0.9t0.9-0.9zM14 26.9q2.3 0 4.3-0.9t3.6-2.4 2.4-3.6 0.9-4.3-0.9-4.3-2.4-3.6-3.6-2.4-4.3-0.9-4.3 0.9-3.6 2.4-2.4 3.6-0.9 4.3q0 3.6 2.1 6.6l-1.4 4.2 4.3-1.4q2.8 1.9 6.2 1.9zM14 2.2q2.7 0 5.2 1.1t4.3 2.9 2.9 4.3 1.1 5.2-1.1 5.2-2.9 4.3-4.3 2.9-5.2 1.1q-3.5 0-6.5-1.7l-7.4 2.4 2.4-7.2q-1.9-3.2-1.9-6.9 0-2.7 1.1-5.2t2.9-4.3 4.3-2.9 5.2-1.1z\"\/><\/svg><\/span><span class=\"shariff-text\">teilen<\/span>&nbsp;<\/a><\/li><li class=\"shariff-button telegram shariff-nocustomcolor\" style=\"background-color:#4084A6\"><a href=\"https:\/\/telegram.me\/share\/url?url=https%3A%2F%2Fwww.geh8.de%2Fen%2Fsommergarten%2F&text=Summergarden%20%26%20Studio%20Caf%C3%A9\" title=\"Bei Telegram teilen\" aria-label=\"Bei Telegram teilen\" role=\"button\" rel=\"noopener nofollow\" class=\"shariff-link\" style=\"; background-color:#0088cc; color:#fff\" target=\"_blank\"><span class=\"shariff-icon\" style=\"\"><svg width=\"32px\" height=\"20px\" xmlns=\"http:\/\/www.w3.org\/2000\/svg\" viewBox=\"0 0 32 32\"><path fill=\"#0088cc\" d=\"M30.8 6.5l-4.5 21.4c-.3 1.5-1.2 1.9-2.5 1.2L16.9 24l-3.3 3.2c-.4.4-.7.7-1.4.7l.5-7L25.5 9.2c.6-.5-.1-.8-.9-.3l-15.8 10L2 16.7c-1.5-.5-1.5-1.5.3-2.2L28.9 4.3c1.3-.5 2.3.3 1.9 2.2z\"\/><\/svg><\/span><span class=\"shariff-text\">teilen<\/span>&nbsp;<\/a><\/li><li class=\"shariff-button facebook shariff-nocustomcolor\" style=\"background-color:#4273c8\"><a href=\"https:\/\/www.facebook.com\/sharer\/sharer.php?u=https%3A%2F%2Fwww.geh8.de%2Fen%2Fsommergarten%2F\" title=\"Bei Facebook teilen\" aria-label=\"Bei Facebook teilen\" role=\"button\" rel=\"nofollow\" class=\"shariff-link\" style=\"; background-color:#3b5998; color:#fff\" target=\"_blank\"><span class=\"shariff-icon\" style=\"\"><svg width=\"32px\" height=\"20px\" xmlns=\"http:\/\/www.w3.org\/2000\/svg\" viewBox=\"0 0 18 32\"><path fill=\"#3b5998\" d=\"M17.1 0.2v4.7h-2.8q-1.5 0-2.1 0.6t-0.5 1.9v3.4h5.2l-0.7 5.3h-4.5v13.6h-5.5v-13.6h-4.5v-5.3h4.5v-3.9q0-3.3 1.9-5.2t5-1.8q2.6 0 4.1 0.2z\"\/><\/svg><\/span><span class=\"shariff-text\">teilen<\/span>&nbsp;<\/a><\/li><li class=\"shariff-button mailto shariff-nocustomcolor\" style=\"background-color:#a8a8a8\"><a href=\"mailto:?body=https%3A%2F%2Fwww.geh8.de%2Fen%2Fsommergarten%2F&subject=Summergarden%20%26%20Studio%20Caf%C3%A9\" title=\"Per E-Mail versenden\" aria-label=\"Per E-Mail versenden\" role=\"button\" rel=\"noopener nofollow\" class=\"shariff-link\" style=\"; background-color:#999; color:#fff\"><span class=\"shariff-icon\" style=\"\"><svg width=\"32px\" height=\"20px\" xmlns=\"http:\/\/www.w3.org\/2000\/svg\" viewBox=\"0 0 32 32\"><path fill=\"#999\" d=\"M32 12.7v14.2q0 1.2-0.8 2t-2 0.9h-26.3q-1.2 0-2-0.9t-0.8-2v-14.2q0.8 0.9 1.8 1.6 6.5 4.4 8.9 6.1 1 0.8 1.6 1.2t1.7 0.9 2 0.4h0.1q0.9 0 2-0.4t1.7-0.9 1.6-1.2q3-2.2 8.9-6.1 1-0.7 1.8-1.6zM32 7.4q0 1.4-0.9 2.7t-2.2 2.2q-6.7 4.7-8.4 5.8-0.2 0.1-0.7 0.5t-1 0.7-0.9 0.6-1.1 0.5-0.9 0.2h-0.1q-0.4 0-0.9-0.2t-1.1-0.5-0.9-0.6-1-0.7-0.7-0.5q-1.6-1.1-4.7-3.2t-3.6-2.6q-1.1-0.7-2.1-2t-1-2.5q0-1.4 0.7-2.3t2.1-0.9h26.3q1.2 0 2 0.8t0.9 2z\"\/><\/svg><\/span><span class=\"shariff-text\">E-Mail<\/span>&nbsp;<\/a><\/li><\/ul><\/div>","protected":false},"excerpt":{"rendered":"<p>In our summer garden and studio caf\u00e9 there is a dish and drink for every [&hellip;]<\/p>\n","protected":false},"author":19,"featured_media":12083,"parent":0,"menu_order":0,"comment_status":"closed","ping_status":"closed","template":"page_templates\/full-with-with-infobox.php","meta":{"_acf_changed":false,"ngg_post_thumbnail":0,"footnotes":""},"acf":[],"yoast_head":"<!-- This site is optimized with the Yoast SEO plugin v23.0 - https:\/\/yoast.com\/wordpress\/plugins\/seo\/ -->\n<title>Summergarden &amp; Studio Caf\u00e9 - GEH8 Kunst Raum Ateliers gUG | Dresden<\/title>\n<meta name=\"robots\" content=\"index, follow, max-snippet:-1, max-image-preview:large, max-video-preview:-1\" \/>\n<link rel=\"canonical\" href=\"https:\/\/www.geh8.de\/sommergarten\/\" \/>\n<meta property=\"og:locale\" content=\"en_GB\" \/>\n<meta property=\"og:locale:alternate\" content=\"de_DE\" \/>\n<meta property=\"og:type\" content=\"article\" \/>\n<meta property=\"og:title\" content=\"Summergarden &amp; Studio Caf\u00e9\" \/>\n<meta property=\"og:description\" content=\"In our summer garden and studio caf\u00e9 there is a dish and drink for every [&hellip;]\" \/>\n<meta property=\"og:url\" content=\"https:\/\/www.geh8.de\/en\/sommergarten\/\" \/>\n<meta property=\"og:site_name\" content=\"GEH8 Kunst Raum Ateliers gUG | Dresden\" \/>\n<meta property=\"article:publisher\" content=\"https:\/\/www.facebook.com\/Geh8Kunstraum\/\" \/>\n<meta property=\"article:modified_time\" content=\"2026-02-03T15:51:48+00:00\" \/>\n<meta property=\"og:image\" content=\"https:\/\/www.geh8.de\/page\/wp-content\/uploads\/2023\/10\/Webseite8-Kopie-1.jpg\" \/>\n\t<meta property=\"og:image:width\" content=\"1400\" \/>\n\t<meta property=\"og:image:height\" content=\"797\" \/>\n\t<meta property=\"og:image:type\" content=\"image\/jpeg\" \/>\n<meta name=\"twitter:card\" content=\"summary_large_image\" \/>\n<meta name=\"twitter:label1\" content=\"Estimated reading time\" \/>\n\t<meta name=\"twitter:data1\" content=\"1 minute\" \/>\n<script type=\"application\/ld+json\" class=\"yoast-schema-graph\">{\"@context\":\"https:\/\/schema.org\",\"@graph\":[{\"@type\":\"WebPage\",\"@id\":\"https:\/\/www.geh8.de\/sommergarten\/\",\"url\":\"https:\/\/www.geh8.de\/sommergarten\/\",\"name\":\"Summergarden & Studio Caf\u00e9\",\"isPartOf\":{\"@id\":\"https:\/\/www.geh8.de\/#website\"},\"primaryImageOfPage\":{\"@id\":\"https:\/\/www.geh8.de\/sommergarten\/#primaryimage\"},\"image\":{\"@id\":\"https:\/\/www.geh8.de\/sommergarten\/#primaryimage\"},\"thumbnailUrl\":\"https:\/\/www.geh8.de\/page\/wp-content\/uploads\/2023\/10\/Webseite8-Kopie-1.jpg\",\"datePublished\":\"2022-05-17T21:46:52+00:00\",\"dateModified\":\"2026-02-03T15:51:48+00:00\",\"breadcrumb\":{\"@id\":\"https:\/\/www.geh8.de\/sommergarten\/#breadcrumb\"},\"inLanguage\":\"en-GB\",\"potentialAction\":[{\"@type\":\"ReadAction\",\"target\":[\"https:\/\/www.geh8.de\/sommergarten\/\"]}]},{\"@type\":\"ImageObject\",\"inLanguage\":\"en-GB\",\"@id\":\"https:\/\/www.geh8.de\/sommergarten\/#primaryimage\",\"url\":\"https:\/\/www.geh8.de\/page\/wp-content\/uploads\/2023\/10\/Webseite8-Kopie-1.jpg\",\"contentUrl\":\"https:\/\/www.geh8.de\/page\/wp-content\/uploads\/2023\/10\/Webseite8-Kopie-1.jpg\",\"width\":1400,\"height\":797},{\"@type\":\"BreadcrumbList\",\"@id\":\"https:\/\/www.geh8.de\/sommergarten\/#breadcrumb\",\"itemListElement\":[{\"@type\":\"ListItem\",\"position\":1,\"name\":\"Startseite\",\"item\":\"https:\/\/www.geh8.de\/\"},{\"@type\":\"ListItem\",\"position\":2,\"name\":\"Sommergarten &#038; Atelier-Caf\u00e9\"}]},{\"@type\":\"WebSite\",\"@id\":\"https:\/\/www.geh8.de\/#website\",\"url\":\"https:\/\/www.geh8.de\/\",\"name\":\"GEH8 Kunst Raum Ateliers gUG | Dresden\",\"description\":\"Geh8 is a non-profit association in Dresden to foster contemporary art\",\"publisher\":{\"@id\":\"https:\/\/www.geh8.de\/#organization\"},\"potentialAction\":[{\"@type\":\"SearchAction\",\"target\":{\"@type\":\"EntryPoint\",\"urlTemplate\":\"https:\/\/www.geh8.de\/?s={search_term_string}\"},\"query-input\":\"required name=search_term_string\"}],\"inLanguage\":\"en-GB\"},{\"@type\":\"Organization\",\"@id\":\"https:\/\/www.geh8.de\/#organization\",\"name\":\"geh8\",\"url\":\"https:\/\/www.geh8.de\/\",\"logo\":{\"@type\":\"ImageObject\",\"inLanguage\":\"en-GB\",\"@id\":\"https:\/\/www.geh8.de\/#\/schema\/logo\/image\/\",\"url\":\"https:\/\/www.geh8.de\/page\/wp-content\/uploads\/2018\/06\/Logo_GEH8_neu_Icon_sbg.png\",\"contentUrl\":\"https:\/\/www.geh8.de\/page\/wp-content\/uploads\/2018\/06\/Logo_GEH8_neu_Icon_sbg.png\",\"width\":164,\"height\":145,\"caption\":\"geh8\"},\"image\":{\"@id\":\"https:\/\/www.geh8.de\/#\/schema\/logo\/image\/\"},\"sameAs\":[\"https:\/\/www.facebook.com\/Geh8Kunstraum\/\",\"https:\/\/www.instagram.com\/geh8kunstraum\/\"]}]}<\/script>\n<!-- \/ Yoast SEO plugin. -->","yoast_head_json":{"title":"Summergarden & Studio Caf\u00e9 - GEH8 Kunst Raum Ateliers gUG | Dresden","robots":{"index":"index","follow":"follow","max-snippet":"max-snippet:-1","max-image-preview":"max-image-preview:large","max-video-preview":"max-video-preview:-1"},"canonical":"https:\/\/www.geh8.de\/sommergarten\/","og_locale":"en_GB","og_type":"article","og_title":"[:en]Summergarden & Studio Caf\u00e9[:de]Sommergarten & Atelier-Caf\u00e9[:] - GEH8 Kunst Raum Ateliers gUG | Dresden","og_description":"In our summer garden and studio caf\u00e9 there is a dish and drink for every [&hellip;]","og_url":"https:\/\/www.geh8.de\/en\/sommergarten\/","og_site_name":"GEH8 Kunst Raum Ateliers gUG | Dresden","article_publisher":"https:\/\/www.facebook.com\/Geh8Kunstraum\/","article_modified_time":"2026-02-03T15:51:48+00:00","og_image":[{"width":1400,"height":797,"url":"https:\/\/www.geh8.de\/page\/wp-content\/uploads\/2023\/10\/Webseite8-Kopie-1.jpg","type":"image\/jpeg"}],"twitter_card":"summary_large_image","twitter_misc":{"Estimated reading time":"1 minute"},"schema":{"@context":"https:\/\/schema.org","@graph":[{"@type":"WebPage","@id":"https:\/\/www.geh8.de\/sommergarten\/","url":"https:\/\/www.geh8.de\/sommergarten\/","name":"Summergarden & Studio Caf\u00e9","isPartOf":{"@id":"https:\/\/www.geh8.de\/#website"},"primaryImageOfPage":{"@id":"https:\/\/www.geh8.de\/sommergarten\/#primaryimage"},"image":{"@id":"https:\/\/www.geh8.de\/sommergarten\/#primaryimage"},"thumbnailUrl":"https:\/\/www.geh8.de\/page\/wp-content\/uploads\/2023\/10\/Webseite8-Kopie-1.jpg","datePublished":"2022-05-17T21:46:52+00:00","dateModified":"2026-02-03T15:51:48+00:00","breadcrumb":{"@id":"https:\/\/www.geh8.de\/sommergarten\/#breadcrumb"},"inLanguage":"en-GB","potentialAction":[{"@type":"ReadAction","target":["https:\/\/www.geh8.de\/sommergarten\/"]}]},{"@type":"ImageObject","inLanguage":"en-GB","@id":"https:\/\/www.geh8.de\/sommergarten\/#primaryimage","url":"https:\/\/www.geh8.de\/page\/wp-content\/uploads\/2023\/10\/Webseite8-Kopie-1.jpg","contentUrl":"https:\/\/www.geh8.de\/page\/wp-content\/uploads\/2023\/10\/Webseite8-Kopie-1.jpg","width":1400,"height":797},{"@type":"BreadcrumbList","@id":"https:\/\/www.geh8.de\/sommergarten\/#breadcrumb","itemListElement":[{"@type":"ListItem","position":1,"name":"Startseite","item":"https:\/\/www.geh8.de\/"},{"@type":"ListItem","position":2,"name":"Sommergarten &#038; Atelier-Caf\u00e9"}]},{"@type":"WebSite","@id":"https:\/\/www.geh8.de\/#website","url":"https:\/\/www.geh8.de\/","name":"GEH8 Kunst Raum Ateliers gUG | Dresden","description":"Geh8 is a non-profit association in Dresden to foster contemporary art","publisher":{"@id":"https:\/\/www.geh8.de\/#organization"},"potentialAction":[{"@type":"SearchAction","target":{"@type":"EntryPoint","urlTemplate":"https:\/\/www.geh8.de\/?s={search_term_string}"},"query-input":"required name=search_term_string"}],"inLanguage":"en-GB"},{"@type":"Organization","@id":"https:\/\/www.geh8.de\/#organization","name":"geh8","url":"https:\/\/www.geh8.de\/","logo":{"@type":"ImageObject","inLanguage":"en-GB","@id":"https:\/\/www.geh8.de\/#\/schema\/logo\/image\/","url":"https:\/\/www.geh8.de\/page\/wp-content\/uploads\/2018\/06\/Logo_GEH8_neu_Icon_sbg.png","contentUrl":"https:\/\/www.geh8.de\/page\/wp-content\/uploads\/2018\/06\/Logo_GEH8_neu_Icon_sbg.png","width":164,"height":145,"caption":"geh8"},"image":{"@id":"https:\/\/www.geh8.de\/#\/schema\/logo\/image\/"},"sameAs":["https:\/\/www.facebook.com\/Geh8Kunstraum\/","https:\/\/www.instagram.com\/geh8kunstraum\/"]}]}},"_links":{"self":[{"href":"https:\/\/www.geh8.de\/en\/wp-json\/wp\/v2\/pages\/10593"}],"collection":[{"href":"https:\/\/www.geh8.de\/en\/wp-json\/wp\/v2\/pages"}],"about":[{"href":"https:\/\/www.geh8.de\/en\/wp-json\/wp\/v2\/types\/page"}],"author":[{"embeddable":true,"href":"https:\/\/www.geh8.de\/en\/wp-json\/wp\/v2\/users\/19"}],"replies":[{"embeddable":true,"href":"https:\/\/www.geh8.de\/en\/wp-json\/wp\/v2\/comments?post=10593"}],"version-history":[{"count":65,"href":"https:\/\/www.geh8.de\/en\/wp-json\/wp\/v2\/pages\/10593\/revisions"}],"predecessor-version":[{"id":15009,"href":"https:\/\/www.geh8.de\/en\/wp-json\/wp\/v2\/pages\/10593\/revisions\/15009"}],"wp:featuredmedia":[{"embeddable":true,"href":"https:\/\/www.geh8.de\/en\/wp-json\/wp\/v2\/media\/12083"}],"wp:attachment":[{"href":"https:\/\/www.geh8.de\/en\/wp-json\/wp\/v2\/media?parent=10593"}],"curies":[{"name":"wp","href":"https:\/\/api.w.org\/{rel}","templated":true}]}}